{"id":1097,"date":"2026-01-27T16:20:06","date_gmt":"2026-01-27T15:20:06","guid":{"rendered":"https:\/\/altego-agency.com\/praca\/?page_id=1097"},"modified":"2026-01-27T18:07:25","modified_gmt":"2026-01-27T17:07:25","slug":"1097-2","status":"publish","type":"page","link":"https:\/\/altego-agency.com\/praca\/es\/","title":{"rendered":""},"content":{"rendered":"","protected":false},"excerpt":{"rendered":"","protected":false},"author":5,"featured_media":0,"parent":0,"menu_order":0,"comment_status":"closed","ping_status":"closed","template":"page.php","meta":{"inline_featured_image":false},"acf":[],"yoast_head":"<!-- This site is optimized with the Yoast SEO plugin v19.5.1 - https:\/\/yoast.com\/wordpress\/plugins\/seo\/ -->\n<title>Agencia de empleo en Polonia - Altego<\/title>\n<meta name=\"description\" content=\"Asesoramiento gratuito y selecci\u00f3n de vacantes. Gesti\u00f3n integral y legalizaci\u00f3n del trabajo. Rellene el formulario en el sitio web y nos pondremos en contacto con usted.\" \/>\n<meta name=\"robots\" content=\"index, follow, max-snippet:-1, max-image-preview:large, max-video-preview:-1\" \/>\n<link rel=\"canonical\" href=\"https:\/\/altego-agency.com\/praca\/es\/\" \/>\n<meta property=\"og:locale\" content=\"es_ES\" \/>\n<meta property=\"og:type\" content=\"article\" \/>\n<meta property=\"og:title\" content=\"Agencia de empleo en Polonia - Altego\" \/>\n<meta property=\"og:description\" content=\"Asesoramiento gratuito y selecci\u00f3n de vacantes. Gesti\u00f3n integral y legalizaci\u00f3n del trabajo. Rellene el formulario en el sitio web y nos pondremos en contacto con usted.\" \/>\n<meta property=\"og:url\" content=\"https:\/\/altego-agency.com\/praca\/es\/\" \/>\n<meta property=\"og:site_name\" content=\"Altego\" \/>\n<meta property=\"article:modified_time\" content=\"2026-01-27T17:07:25+00:00\" \/>\n<meta name=\"twitter:card\" content=\"summary_large_image\" \/>\n<script type=\"application\/ld+json\" class=\"yoast-schema-graph\">{\"@context\":\"https:\/\/schema.org\",\"@graph\":[{\"@type\":\"WebPage\",\"@id\":\"https:\/\/altego-agency.com\/praca\/es\/\",\"url\":\"https:\/\/altego-agency.com\/praca\/es\/\",\"name\":\"Agencia de empleo en Polonia - Altego\",\"isPartOf\":{\"@id\":\"https:\/\/altego-agency.com\/praca\/#website\"},\"datePublished\":\"2026-01-27T15:20:06+00:00\",\"dateModified\":\"2026-01-27T17:07:25+00:00\",\"description\":\"Asesoramiento gratuito y selecci\u00f3n de vacantes. Gesti\u00f3n integral y legalizaci\u00f3n del trabajo. Rellene el formulario en el sitio web y nos pondremos en contacto con usted.\",\"breadcrumb\":{\"@id\":\"https:\/\/altego-agency.com\/praca\/es\/#breadcrumb\"},\"inLanguage\":\"es\",\"potentialAction\":[{\"@type\":\"ReadAction\",\"target\":[\"https:\/\/altego-agency.com\/praca\/es\/\"]}]},{\"@type\":\"BreadcrumbList\",\"@id\":\"https:\/\/altego-agency.com\/praca\/es\/#breadcrumb\",\"itemListElement\":[{\"@type\":\"ListItem\",\"position\":1,\"name\":\"Strona g\u0142\u00f3wna\",\"item\":\"https:\/\/altego-agency.com\/praca\/es\/\"},{\"@type\":\"ListItem\",\"position\":2,\"name\":\"\"}]},{\"@type\":\"WebSite\",\"@id\":\"https:\/\/altego-agency.com\/praca\/#website\",\"url\":\"https:\/\/altego-agency.com\/praca\/\",\"name\":\"Altego\",\"description\":\"Altego\",\"potentialAction\":[{\"@type\":\"SearchAction\",\"target\":{\"@type\":\"EntryPoint\",\"urlTemplate\":\"https:\/\/altego-agency.com\/praca\/?s={search_term_string}\"},\"query-input\":\"required name=search_term_string\"}],\"inLanguage\":\"es\"}]}<\/script>\n<!-- \/ Yoast SEO plugin. -->","yoast_head_json":{"title":"Agencia de empleo en Polonia - Altego","description":"Asesoramiento gratuito y selecci\u00f3n de vacantes. Gesti\u00f3n integral y legalizaci\u00f3n del trabajo. Rellene el formulario en el sitio web y nos pondremos en contacto con usted.","robots":{"index":"index","follow":"follow","max-snippet":"max-snippet:-1","max-image-preview":"max-image-preview:large","max-video-preview":"max-video-preview:-1"},"canonical":"https:\/\/altego-agency.com\/praca\/es\/","og_locale":"es_ES","og_type":"article","og_title":"Agencia de empleo en Polonia - Altego","og_description":"Asesoramiento gratuito y selecci\u00f3n de vacantes. Gesti\u00f3n integral y legalizaci\u00f3n del trabajo. Rellene el formulario en el sitio web y nos pondremos en contacto con usted.","og_url":"https:\/\/altego-agency.com\/praca\/es\/","og_site_name":"Altego","article_modified_time":"2026-01-27T17:07:25+00:00","twitter_card":"summary_large_image","schema":{"@context":"https:\/\/schema.org","@graph":[{"@type":"WebPage","@id":"https:\/\/altego-agency.com\/praca\/es\/","url":"https:\/\/altego-agency.com\/praca\/es\/","name":"Agencia de empleo en Polonia - Altego","isPartOf":{"@id":"https:\/\/altego-agency.com\/praca\/#website"},"datePublished":"2026-01-27T15:20:06+00:00","dateModified":"2026-01-27T17:07:25+00:00","description":"Asesoramiento gratuito y selecci\u00f3n de vacantes. Gesti\u00f3n integral y legalizaci\u00f3n del trabajo. Rellene el formulario en el sitio web y nos pondremos en contacto con usted.","breadcrumb":{"@id":"https:\/\/altego-agency.com\/praca\/es\/#breadcrumb"},"inLanguage":"es","potentialAction":[{"@type":"ReadAction","target":["https:\/\/altego-agency.com\/praca\/es\/"]}]},{"@type":"BreadcrumbList","@id":"https:\/\/altego-agency.com\/praca\/es\/#breadcrumb","itemListElement":[{"@type":"ListItem","position":1,"name":"Strona g\u0142\u00f3wna","item":"https:\/\/altego-agency.com\/praca\/es\/"},{"@type":"ListItem","position":2,"name":""}]},{"@type":"WebSite","@id":"https:\/\/altego-agency.com\/praca\/#website","url":"https:\/\/altego-agency.com\/praca\/","name":"Altego","description":"Altego","potentialAction":[{"@type":"SearchAction","target":{"@type":"EntryPoint","urlTemplate":"https:\/\/altego-agency.com\/praca\/?s={search_term_string}"},"query-input":"required name=search_term_string"}],"inLanguage":"es"}]}},"_links":{"self":[{"href":"https:\/\/altego-agency.com\/praca\/es\/wp-json\/wp\/v2\/pages\/1097"}],"collection":[{"href":"https:\/\/altego-agency.com\/praca\/es\/wp-json\/wp\/v2\/pages"}],"about":[{"href":"https:\/\/altego-agency.com\/praca\/es\/wp-json\/wp\/v2\/types\/page"}],"author":[{"embeddable":true,"href":"https:\/\/altego-agency.com\/praca\/es\/wp-json\/wp\/v2\/users\/5"}],"replies":[{"embeddable":true,"href":"https:\/\/altego-agency.com\/praca\/es\/wp-json\/wp\/v2\/comments?post=1097"}],"version-history":[{"count":8,"href":"https:\/\/altego-agency.com\/praca\/es\/wp-json\/wp\/v2\/pages\/1097\/revisions"}],"predecessor-version":[{"id":1137,"href":"https:\/\/altego-agency.com\/praca\/es\/wp-json\/wp\/v2\/pages\/1097\/revisions\/1137"}],"wp:attachment":[{"href":"https:\/\/altego-agency.com\/praca\/es\/wp-json\/wp\/v2\/media?parent=1097"}],"curies":[{"name":"wp","href":"https:\/\/api.w.org\/{rel}","templated":true}]}}